{"id":12432,"date":"2025-01-30T17:04:03","date_gmt":"2025-01-30T16:04:03","guid":{"rendered":"https:\/\/grupotecon.com\/delfos-sistemas-informaticos\/?page_id=12432"},"modified":"2025-01-30T17:25:30","modified_gmt":"2025-01-30T16:25:30","slug":"politica-de-privacidad","status":"publish","type":"page","link":"https:\/\/grupotecon.com\/delfos-sistemas-informaticos\/politica-de-privacidad\/","title":{"rendered":"Pol\u00edtica de privacidad"},"content":{"rendered":"\t\t<div data-elementor-type=\"wp-page\" data-elementor-id=\"12432\" class=\"elementor elementor-12432\">\n\t\t\t\t\t\t<section class=\"porto-full-no-gap elementor-section elementor-top-section elementor-element elementor-element-258e71c banner-seccion-header elementor-section-full_width elementor-section-height-default elementor-section-height-default\" data-id=\"258e71c\" data-element_type=\"section\">\r\n\t\t\r\n\t\t\t\t\t\t\t<div class=\"elementor-container elementor-column-gap-no\">\r\n\t\t\t\t\t\t\t\t\t\t\t<div class=\"elementor-column elementor-col-100 elementor-top-column elementor-element elementor-element-bb8d0b0\" data-id=\"bb8d0b0\" data-element_type=\"column\">\r\n\t\t\t\t\t<div class=\"elementor-widget-wrap elementor-element-populated\">\r\n\t\t\t\t\t\t\t\t<section class=\"elementor-section elementor-inner-section elementor-element elementor-element-60986ff px-gutter custom-page-header elementor-section-content-middle elementor-section-boxed elementor-section-height-default elementor-section-height-default\" data-id=\"60986ff\" data-element_type=\"section\" data-settings=\"{&quot;background_background&quot;:&quot;classic&quot;,&quot;shape_divider_bottom&quot;:&quot;waves&quot;,&quot;shape_divider_bottom_negative&quot;:&quot;yes&quot;}\">\r\n\t\t\t\t<div class=\"elementor-shape elementor-shape-bottom\" data-negative=\"true\">\r\n\t\t\t<svg xmlns=\"http:\/\/www.w3.org\/2000\/svg\" viewBox=\"0 0 1000 100\" preserveAspectRatio=\"none\">\n\t<path class=\"elementor-shape-fill\" d=\"M790.5,93.1c-59.3-5.3-116.8-18-192.6-50c-29.6-12.7-76.9-31-100.5-35.9c-23.6-4.9-52.6-7.8-75.5-5.3\n\tc-10.2,1.1-22.6,1.4-50.1,7.4c-27.2,6.3-58.2,16.6-79.4,24.7c-41.3,15.9-94.9,21.9-134,22.6C72,58.2,0,25.8,0,25.8V100h1000V65.3\n\tc0,0-51.5,19.4-106.2,25.7C839.5,97,814.1,95.2,790.5,93.1z\"\/>\n<\/svg>\t\t<\/div>\r\n\t\t\r\n\t\t\t\t\t\t\t<div class=\"elementor-container elementor-column-gap-default\">\r\n\t\t\t\t\t\t\t\t\t\t\t<div class=\"elementor-column elementor-col-50 elementor-inner-column elementor-element elementor-element-d8c8e00\" data-id=\"d8c8e00\" data-element_type=\"column\">\r\n\t\t\t\t\t<div class=\"elementor-widget-wrap elementor-element-populated\">\r\n\t\t\t\t\t\t\t\t<div class=\"elementor-element elementor-element-6c5c45a elementor-widget elementor-widget-porto_info_box\" data-id=\"6c5c45a\" data-element_type=\"widget\" data-widget_type=\"porto_info_box.default\">\n\t\t\t\t<div class=\"elementor-widget-container\">\n\t\t\t\t\t<div class=\"porto-sicon-box style_1 default-icon\"><\/div><!-- porto-sicon-box -->\t\t\t\t<\/div>\n\t\t\t\t<\/div>\n\t\t\t\t\t<\/div>\r\n\t\t\t\t<\/div>\r\n\t\t\t\t<div class=\"elementor-column elementor-col-50 elementor-inner-column elementor-element elementor-element-5d8377d elementor-hidden-mobile\" data-id=\"5d8377d\" data-element_type=\"column\">\r\n\t\t\t\t\t<div data-plugin-float-element=\"\" data-plugin-options=\"{&quot;startPos&quot;:&quot;none&quot;,&quot;speed&quot;:&quot;8&quot;,&quot;transition&quot;:true,&quot;horizontal&quot;:false}\" class=\"elementor-widget-wrap elementor-element-populated\">\r\n\t\t\t\t\t\t\t\t<div class=\"elementor-element elementor-element-65fd7aa elementor-widget elementor-widget-image\" data-id=\"65fd7aa\" data-element_type=\"widget\" data-widget_type=\"image.default\">\n\t\t\t\t<div class=\"elementor-widget-container\">\n\t\t\t\t\t\t\t\t\t\t\t\t\t\t\t<img decoding=\"async\" src=\"https:\/\/grupotecon.com\/delfos-sistemas-informaticos\/wp-content\/uploads\/sites\/4\/2024\/11\/logo-delfos.svg\" class=\"attachment-full size-full wp-image-3563\" alt=\"\" \/>\t\t\t\t\t\t\t\t\t\t\t\t\t\t\t<\/div>\n\t\t\t\t<\/div>\n\t\t\t\t\t<\/div>\r\n\t\t\t\t<\/div>\r\n\t\t\t\t\t<\/div>\r\n\t\t\t\t<\/section>\r\n\t\t\t\t<div class=\"elementor-element elementor-element-bc4d710 mb-0 elementor-widget elementor-widget-porto_page_header\" data-id=\"bc4d710\" data-element_type=\"widget\" data-widget_type=\"porto_page_header.default\">\n\t\t\t\t<div class=\"elementor-widget-container\">\n\t\t\t\t\t<div class=\"page-top page-header-6\"><style>.page-top { background: none; border-bottom: none; } .page-top .page-title:not(.b-none):after { display: none; }<\/style><div class=\"container hide-title\">\r\n\t<div class=\"row\">\r\n\t\t<div class=\"col-lg-12 clearfix\">\r\n\t\t\t<div class=\"pt-right d-none\">\r\n\t\t\t\t\t\t\t\t<div class=\"page-title\"><\/div>\r\n\t\t\t\t\t\t\t<\/div>\r\n\t\t\t\t\t\t\t<div class=\"breadcrumbs-wrap pt-left\">\r\n\t\t\t\t\t<ul class=\"breadcrumb\" itemscope itemtype=\"https:\/\/schema.org\/BreadcrumbList\"><li class=\"home\" itemprop=\"itemListElement\" itemscope itemtype=\"https:\/\/schema.org\/ListItem\"><a itemprop=\"item\" href=\"https:\/\/grupotecon.com\/delfos-sistemas-informaticos\" title=\"Ir al Inicio\"><span itemprop=\"name\">Home<\/span><\/a><meta itemprop=\"position\" content=\"1\" \/><i class=\"delimiter delimiter-2\"><\/i><\/li><\/ul>\t\t\t\t<\/div>\r\n\t\t\t\t\t\t\t\t<\/div>\r\n\t<\/div>\r\n<\/div>\r\n<\/div>\t\t\t\t<\/div>\n\t\t\t\t<\/div>\n\t\t\t\t\t<\/div>\r\n\t\t\t\t<\/div>\r\n\t\t\t\t\t<\/div>\r\n\t\t\t\t<\/section>\r\n\t\t<div class=\"elementor-element elementor-element-e90c287 e-flex e-con-boxed e-con e-parent\" data-id=\"e90c287\" data-element_type=\"container\">\r\n\t\t\t\t\t<div class=\"e-con-inner\">\r\n\t\t\t\t<div class=\"elementor-element elementor-element-17a4112 elementor-widget elementor-widget-text-editor\" data-id=\"17a4112\" data-element_type=\"widget\" data-widget_type=\"text-editor.default\">\n\t\t\t\t<div class=\"elementor-widget-container\">\n\t\t\t\t\t\t\t\t\t<p><strong>INFORMACI\u00d3N B\u00c1SICA SOBRE PROTECCI\u00d3N DE DATOS<\/strong><\/p>\n<ul>\n<li><b>Responsable del tratamiento<\/b>: DELFOS SISTEMAS INFORM\u00c1TICOS SL.<\/li>\n<li><b style=\"text-align: var(--text-align); color: var(--porto-body-color); letter-spacing: var(--porto-body-ls,0);\">Direcci\u00f3n del responsable<\/b><span style=\"text-align: var(--text-align); color: var(--porto-body-color); letter-spacing: var(--porto-body-ls,0);\">: C\/ Ej\u00e9rcito, 4 bajo, CP 02002, Albacete<\/span><\/li>\n<li><b>Finalidad<\/b>:&nbsp;Sus datos ser\u00e1n usados para poder atender sus solicitudes y prestarle nuestros servicios.<\/li>\n<li><b>Publicidad<\/b>:&nbsp;Solo le enviaremos publicidad con su autorizaci\u00f3n previa, que podr\u00e1 facilitarnos mediante la casilla correspondiente establecida al efecto.<\/li>\n<li><b>Legitimaci\u00f3n<\/b>:&nbsp;\u00danicamente trataremos sus datos con su consentimiento previo, que podr\u00e1 facilitarnos mediante la casilla correspondiente establecida al efecto.<\/li>\n<li><b>Destinatarios<\/b>:&nbsp;Con car\u00e1cter general, s\u00f3lo el personal de nuestra entidad que est\u00e9 debidamente autorizado podr\u00e1 tener conocimiento de la informaci\u00f3n que le pedimos.<\/li>\n<li><b>Derechos<\/b>:&nbsp;Tiene derecho a saber qu\u00e9 informaci\u00f3n tenemos sobre usted, corregirla y eliminarla, tal y como se explica en la informaci\u00f3n adicional disponible en nuestra p\u00e1gina web.<\/li>\n<li><b>Informaci\u00f3n adicional<\/b>: M\u00e1s informaci\u00f3n en el apartado \u201cPOL\u00cdTICA DE PRIVACIDAD\u201d de nuestra p\u00e1gina web.<\/li>\n<\/ul>\n<h3>1. Principio de informaci\u00f3n.<\/h3>\n<p>La Direcci\u00f3n \/ \u00d3rgano de Gobierno de DELFOS SITEMAS INFORM\u00c1TICOS SL, asume la m\u00e1xima responsabilidad y compromiso con el establecimiento, implementaci\u00f3n y mantenimiento de la presente Pol\u00edtica de Protecci\u00f3n de Datos, garantizando la mejora continua del responsable del tratamiento con el objetivo de alcanzar la excelencia en relaci\u00f3n con el cumplimiento del Reglamento (UE) 2016\/679 del Parlamento Europeo y del Consejo, de 27 de abril de 2016, relativo a la protecci\u00f3n de las personas f\u00edsicas en lo que respecta al tratamiento de datos personales y a la libre circulaci\u00f3n de estos datos.<\/p>\n<p>La Pol\u00edtica de Protecci\u00f3n de Datos de DELFOS SISTEMAS INFORM\u00c1TICOS SL descansa en el principio de responsabilidad proactiva, seg\u00fan el cual el responsable del tratamiento es responsable del cumplimiento del marco normativo y jurisprudencial que gobierna dicha Pol\u00edtica, y es capaz de demostrarlo ante las autoridades de control competentes.<\/p>\n<h3>2. Principio de consentimiento y uso<\/h3>\n<p>Con car\u00e1cter general, los datos personales que nos proporcione ser\u00e1n usados para poder relacionarnos con usted y poder prestarle nuestros servicios.<\/p>\n<p>Asimismo, tambi\u00e9n pueden ser usados para otras actividades, como enviarle novedades o promocionar nuestras actividades, previo consentimiento mediante el segundo checkbox en nuestros formularios web. Los datos tratados con esta finalidad se conservar\u00e1n hasta el momento en que el usuario retire su consentimiento dado para la recepci\u00f3n de dichas comunicaciones.<\/p>\n<p>En caso de utilizar la secci\u00f3n \u201ctrabaja con nosotros\u201d, los datos facilitados por el usuario se tratar\u00e1n para atender su solicitud de empleo y, en su caso, permitirle optar a un puesto de trabajo en DELFOS SISTEMAS INFORM\u00c1TICOS SL.<\/p>\n<p>En caso de introducir datos personales en el Chatbot implementado en este Sitio Web ser\u00e1n tratados para proporcionarle la informaci\u00f3n o contenidos solicitados.<\/p>\n<h3>3. Principio de seguridad de los datos<\/h3>\n<p>DELFOS SISTEMAS INFORM\u00c1TICOS SL se compromete al cumplimiento de su obligaci\u00f3n de secreto de los datos de car\u00e1cter personal y de su deber de guardarlos y adoptar\u00e1 todas las medidas de \u00edndole t\u00e9cnica y organizativa que para garantizar la seguridad de los datos de car\u00e1cter personal y evitar su alteraci\u00f3n, p\u00e9rdida, tratamiento o acceso no autorizado.<\/p>\n<h3>4. Uso de cookies<\/h3>\n<p>Una\u202fcookie\u202fo galleta inform\u00e1tica es un peque\u00f1o archivo de informaci\u00f3n que se guarda en su navegador cada vez que visita nuestra p\u00e1gina web. La utilidad de las cookies es guardar el historial de su actividad en nuestra p\u00e1gina web, de manera que, cuando la visite nuevamente, \u00e9sta pueda identificarle y configurar el contenido de la misma en base a sus h\u00e1bitos de navegaci\u00f3n, identidad y preferencias.<\/p>\n<p>Son inofensivas, pero si tienen cierto impacto sobre tu derecho a la protecci\u00f3n de sus datos, pues recogen determinada informaci\u00f3n concerniente a tu persona (h\u00e1bitos de navegaci\u00f3n, identidad, preferencias, etc.).<\/p>\n<p>M\u00e1s informaci\u00f3n: <a href=\"https:\/\/grupotecon.com\/delfos-sistemas-informaticos\/politica-de-cookies\/\">Pol\u00edtica de cookies<\/a><\/p>\n<h3><span style=\"color: var(--porto-h3-color,var(--porto-heading-color)); letter-spacing: var(--porto-h3-ls,-0.05em); text-align: var(--text-align);\">5. Utilizaci\u00f3n de los datos por terceros.<\/span><\/h3>\n<p>Con car\u00e1cter general, s\u00f3lo el personal de DELFOS SISTEMAS INFORM\u00c1TICOS SL que est\u00e9 debidamente autorizado podr\u00e1 tener conocimiento de la informaci\u00f3n que le pedimos.<\/p>\n<p>De igual modo, podr\u00e1n tener conocimiento de su informaci\u00f3n personal aquellas entidades que necesiten tener acceso a la misma para que podamos prestarle nuestros servicios. As\u00ed, por ejemplo, nuestro banco conocer\u00e1 sus datos si el pago de nuestros servicios se realiza mediante tarjeta o transferencia bancaria.<\/p>\n<p>Asimismo, tendr\u00e1n conocimiento de su informaci\u00f3n aquellas entidades p\u00fablicas o privadas a las cuales estemos obligados a facilitar sus datos personales con motivo del cumplimiento de alguna ley. Poni\u00e9ndole un ejemplo, la Ley Tributaria obliga a facilitar a la Agencia Tributaria determinada informaci\u00f3n sobre operaciones econ\u00f3micas que superen una determinada cantidad.<\/p>\n<p>En el caso de que, al margen de los supuestos comentados, necesitemos dar a conocer su informaci\u00f3n personal a otras entidades, le solicitaremos previamente su permiso a trav\u00e9s de opciones claras que le permitir\u00e1n decidir a este respecto.<\/p>\n<h3>6. Derechos del usuario<\/h3>\n<p>En cualquier momento puede dirigirse a nosotros para saber qu\u00e9 informaci\u00f3n tenemos sobre usted, rectificarla si fuese incorrecta y eliminarla una vez finalizada nuestra relaci\u00f3n, en el caso de que ello sea legalmente posible.<\/p>\n<p>Tambi\u00e9n tiene derecho a solicitar el traspaso de su informaci\u00f3n a otra entidad. Este derecho se llama \u201cportabilidad\u201d y puede ser \u00fatil en determinadas situaciones.<\/p>\n<p>Para solicitar alguno de estos derechos, deber\u00e1 realizar una solicitud escrita a nuestra direcci\u00f3n, junto con una fotocopia de su DNI, para poder identificarle.<\/p>\n<p>Para saber m\u00e1s sobre sus derechos de protecci\u00f3n de datos, puede consultar la p\u00e1gina web de la Agencia Espa\u00f1ola de Protecci\u00f3n de Datos (www.agpd.es).<\/p>\n<p>Esta Pol\u00edtica ser\u00e1 revisada por la Direcci\u00f3n de DELFOS SISTEMAS INFORM\u00c1TICOS SL, tantas veces como se considere necesario, para adecuarse, en todo momento, a las disposiciones vigentes en materia de protecci\u00f3n de datos de car\u00e1cter personal.<\/p>\t\t\t\t\t\t\t\t<\/div>\n\t\t\t\t<\/div>\n\t\t\t\t\t<\/div>\n\t\t\t\t<\/div>\n\t\t\t\t<\/div>\n\t\t","protected":false},"excerpt":{"rendered":"<p>Home INFORMACI\u00d3N B\u00c1SICA SOBRE PROTECCI\u00d3N DE DATOS Responsable del tratamiento: DELFOS SISTEMAS INFORM\u00c1TICOS SL. Direcci\u00f3n del responsable: C\/ Ej\u00e9rcito, 4 bajo, CP 02002, Albacete Finalidad:&nbsp;Sus datos ser\u00e1n usados para poder atender sus solicitudes y prestarle nuestros servicios. Publicidad:&nbsp;Solo le enviaremos publicidad con su autorizaci\u00f3n previa, que podr\u00e1 facilitarnos mediante la casilla correspondiente establecida al efecto. [&hellip;]<\/p>\n","protected":false},"author":1,"featured_media":0,"parent":0,"menu_order":0,"comment_status":"closed","ping_status":"closed","template":"","meta":{"_acf_changed":false,"_joinchat":[],"footnotes":""},"class_list":["post-12432","page","type-page","status-publish","hentry"],"acf":[],"yoast_head":"<!-- This site is optimized with the Yoast SEO plugin v26.8 - https:\/\/yoast.com\/product\/yoast-seo-wordpress\/ -->\n<title>Pol\u00edtica de privacidad - Delfos Sistemas Inform\u00e1ticos<\/title>\n<meta name=\"robots\" content=\"index, follow, max-snippet:-1, max-image-preview:large, max-video-preview:-1\" \/>\n<link rel=\"canonical\" href=\"https:\/\/grupotecon.com\/delfos-sistemas-informaticos\/politica-de-privacidad\/\" \/>\n<meta property=\"og:locale\" content=\"es_ES\" \/>\n<meta property=\"og:type\" content=\"article\" \/>\n<meta property=\"og:title\" content=\"Pol\u00edtica de privacidad - Delfos Sistemas Inform\u00e1ticos\" \/>\n<meta property=\"og:description\" content=\"Home INFORMACI\u00d3N B\u00c1SICA SOBRE PROTECCI\u00d3N DE DATOS Responsable del tratamiento: DELFOS SISTEMAS INFORM\u00c1TICOS SL. Direcci\u00f3n del responsable: C\/ Ej\u00e9rcito, 4 bajo, CP 02002, Albacete Finalidad:&nbsp;Sus datos ser\u00e1n usados para poder atender sus solicitudes y prestarle nuestros servicios. Publicidad:&nbsp;Solo le enviaremos publicidad con su autorizaci\u00f3n previa, que podr\u00e1 facilitarnos mediante la casilla correspondiente establecida al efecto. [&hellip;]\" \/>\n<meta property=\"og:url\" content=\"https:\/\/grupotecon.com\/delfos-sistemas-informaticos\/politica-de-privacidad\/\" \/>\n<meta property=\"og:site_name\" content=\"Delfos Sistemas Inform\u00e1ticos\" \/>\n<meta property=\"article:modified_time\" content=\"2025-01-30T16:25:30+00:00\" \/>\n<meta name=\"twitter:card\" content=\"summary_large_image\" \/>\n<meta name=\"twitter:label1\" content=\"Tiempo de lectura\" \/>\n\t<meta name=\"twitter:data1\" content=\"5 minutos\" \/>\n<script type=\"application\/ld+json\" class=\"yoast-schema-graph\">{\"@context\":\"https:\/\/schema.org\",\"@graph\":[{\"@type\":\"WebPage\",\"@id\":\"https:\/\/grupotecon.com\/delfos-sistemas-informaticos\/politica-de-privacidad\/\",\"url\":\"https:\/\/grupotecon.com\/delfos-sistemas-informaticos\/politica-de-privacidad\/\",\"name\":\"Pol\u00edtica de privacidad - Delfos Sistemas Inform\u00e1ticos\",\"isPartOf\":{\"@id\":\"https:\/\/grupotecon.com\/delfos-sistemas-informaticos\/#website\"},\"primaryImageOfPage\":{\"@id\":\"https:\/\/grupotecon.com\/delfos-sistemas-informaticos\/politica-de-privacidad\/#primaryimage\"},\"image\":{\"@id\":\"https:\/\/grupotecon.com\/delfos-sistemas-informaticos\/politica-de-privacidad\/#primaryimage\"},\"thumbnailUrl\":\"https:\/\/grupotecon.com\/delfos-sistemas-informaticos\/wp-content\/uploads\/sites\/4\/2024\/11\/logo-delfos.svg\",\"datePublished\":\"2025-01-30T16:04:03+00:00\",\"dateModified\":\"2025-01-30T16:25:30+00:00\",\"breadcrumb\":{\"@id\":\"https:\/\/grupotecon.com\/delfos-sistemas-informaticos\/politica-de-privacidad\/#breadcrumb\"},\"inLanguage\":\"es\",\"potentialAction\":[{\"@type\":\"ReadAction\",\"target\":[\"https:\/\/grupotecon.com\/delfos-sistemas-informaticos\/politica-de-privacidad\/\"]}]},{\"@type\":\"ImageObject\",\"inLanguage\":\"es\",\"@id\":\"https:\/\/grupotecon.com\/delfos-sistemas-informaticos\/politica-de-privacidad\/#primaryimage\",\"url\":\"https:\/\/grupotecon.com\/delfos-sistemas-informaticos\/wp-content\/uploads\/sites\/4\/2024\/11\/logo-delfos.svg\",\"contentUrl\":\"https:\/\/grupotecon.com\/delfos-sistemas-informaticos\/wp-content\/uploads\/sites\/4\/2024\/11\/logo-delfos.svg\"},{\"@type\":\"BreadcrumbList\",\"@id\":\"https:\/\/grupotecon.com\/delfos-sistemas-informaticos\/politica-de-privacidad\/#breadcrumb\",\"itemListElement\":[{\"@type\":\"ListItem\",\"position\":1,\"name\":\"Portada\",\"item\":\"https:\/\/grupotecon.com\/delfos-sistemas-informaticos\/\"},{\"@type\":\"ListItem\",\"position\":2,\"name\":\"Pol\u00edtica de privacidad\"}]},{\"@type\":\"WebSite\",\"@id\":\"https:\/\/grupotecon.com\/delfos-sistemas-informaticos\/#website\",\"url\":\"https:\/\/grupotecon.com\/delfos-sistemas-informaticos\/\",\"name\":\"Delfos Sistemas Inform\u00e1ticos\",\"description\":\"\",\"potentialAction\":[{\"@type\":\"SearchAction\",\"target\":{\"@type\":\"EntryPoint\",\"urlTemplate\":\"https:\/\/grupotecon.com\/delfos-sistemas-informaticos\/?s={search_term_string}\"},\"query-input\":{\"@type\":\"PropertyValueSpecification\",\"valueRequired\":true,\"valueName\":\"search_term_string\"}}],\"inLanguage\":\"es\"}]}<\/script>\n<!-- \/ Yoast SEO plugin. -->","yoast_head_json":{"title":"Pol\u00edtica de privacidad - Delfos Sistemas Inform\u00e1ticos","robots":{"index":"index","follow":"follow","max-snippet":"max-snippet:-1","max-image-preview":"max-image-preview:large","max-video-preview":"max-video-preview:-1"},"canonical":"https:\/\/grupotecon.com\/delfos-sistemas-informaticos\/politica-de-privacidad\/","og_locale":"es_ES","og_type":"article","og_title":"Pol\u00edtica de privacidad - Delfos Sistemas Inform\u00e1ticos","og_description":"Home INFORMACI\u00d3N B\u00c1SICA SOBRE PROTECCI\u00d3N DE DATOS Responsable del tratamiento: DELFOS SISTEMAS INFORM\u00c1TICOS SL. Direcci\u00f3n del responsable: C\/ Ej\u00e9rcito, 4 bajo, CP 02002, Albacete Finalidad:&nbsp;Sus datos ser\u00e1n usados para poder atender sus solicitudes y prestarle nuestros servicios. Publicidad:&nbsp;Solo le enviaremos publicidad con su autorizaci\u00f3n previa, que podr\u00e1 facilitarnos mediante la casilla correspondiente establecida al efecto. [&hellip;]","og_url":"https:\/\/grupotecon.com\/delfos-sistemas-informaticos\/politica-de-privacidad\/","og_site_name":"Delfos Sistemas Inform\u00e1ticos","article_modified_time":"2025-01-30T16:25:30+00:00","twitter_card":"summary_large_image","twitter_misc":{"Tiempo de lectura":"5 minutos"},"schema":{"@context":"https:\/\/schema.org","@graph":[{"@type":"WebPage","@id":"https:\/\/grupotecon.com\/delfos-sistemas-informaticos\/politica-de-privacidad\/","url":"https:\/\/grupotecon.com\/delfos-sistemas-informaticos\/politica-de-privacidad\/","name":"Pol\u00edtica de privacidad - Delfos Sistemas Inform\u00e1ticos","isPartOf":{"@id":"https:\/\/grupotecon.com\/delfos-sistemas-informaticos\/#website"},"primaryImageOfPage":{"@id":"https:\/\/grupotecon.com\/delfos-sistemas-informaticos\/politica-de-privacidad\/#primaryimage"},"image":{"@id":"https:\/\/grupotecon.com\/delfos-sistemas-informaticos\/politica-de-privacidad\/#primaryimage"},"thumbnailUrl":"https:\/\/grupotecon.com\/delfos-sistemas-informaticos\/wp-content\/uploads\/sites\/4\/2024\/11\/logo-delfos.svg","datePublished":"2025-01-30T16:04:03+00:00","dateModified":"2025-01-30T16:25:30+00:00","breadcrumb":{"@id":"https:\/\/grupotecon.com\/delfos-sistemas-informaticos\/politica-de-privacidad\/#breadcrumb"},"inLanguage":"es","potentialAction":[{"@type":"ReadAction","target":["https:\/\/grupotecon.com\/delfos-sistemas-informaticos\/politica-de-privacidad\/"]}]},{"@type":"ImageObject","inLanguage":"es","@id":"https:\/\/grupotecon.com\/delfos-sistemas-informaticos\/politica-de-privacidad\/#primaryimage","url":"https:\/\/grupotecon.com\/delfos-sistemas-informaticos\/wp-content\/uploads\/sites\/4\/2024\/11\/logo-delfos.svg","contentUrl":"https:\/\/grupotecon.com\/delfos-sistemas-informaticos\/wp-content\/uploads\/sites\/4\/2024\/11\/logo-delfos.svg"},{"@type":"BreadcrumbList","@id":"https:\/\/grupotecon.com\/delfos-sistemas-informaticos\/politica-de-privacidad\/#breadcrumb","itemListElement":[{"@type":"ListItem","position":1,"name":"Portada","item":"https:\/\/grupotecon.com\/delfos-sistemas-informaticos\/"},{"@type":"ListItem","position":2,"name":"Pol\u00edtica de privacidad"}]},{"@type":"WebSite","@id":"https:\/\/grupotecon.com\/delfos-sistemas-informaticos\/#website","url":"https:\/\/grupotecon.com\/delfos-sistemas-informaticos\/","name":"Delfos Sistemas Inform\u00e1ticos","description":"","potentialAction":[{"@type":"SearchAction","target":{"@type":"EntryPoint","urlTemplate":"https:\/\/grupotecon.com\/delfos-sistemas-informaticos\/?s={search_term_string}"},"query-input":{"@type":"PropertyValueSpecification","valueRequired":true,"valueName":"search_term_string"}}],"inLanguage":"es"}]}},"_links":{"self":[{"href":"https:\/\/grupotecon.com\/delfos-sistemas-informaticos\/wp-json\/wp\/v2\/pages\/12432","targetHints":{"allow":["GET"]}}],"collection":[{"href":"https:\/\/grupotecon.com\/delfos-sistemas-informaticos\/wp-json\/wp\/v2\/pages"}],"about":[{"href":"https:\/\/grupotecon.com\/delfos-sistemas-informaticos\/wp-json\/wp\/v2\/types\/page"}],"author":[{"embeddable":true,"href":"https:\/\/grupotecon.com\/delfos-sistemas-informaticos\/wp-json\/wp\/v2\/users\/1"}],"replies":[{"embeddable":true,"href":"https:\/\/grupotecon.com\/delfos-sistemas-informaticos\/wp-json\/wp\/v2\/comments?post=12432"}],"version-history":[{"count":23,"href":"https:\/\/grupotecon.com\/delfos-sistemas-informaticos\/wp-json\/wp\/v2\/pages\/12432\/revisions"}],"predecessor-version":[{"id":12471,"href":"https:\/\/grupotecon.com\/delfos-sistemas-informaticos\/wp-json\/wp\/v2\/pages\/12432\/revisions\/12471"}],"wp:attachment":[{"href":"https:\/\/grupotecon.com\/delfos-sistemas-informaticos\/wp-json\/wp\/v2\/media?parent=12432"}],"curies":[{"name":"wp","href":"https:\/\/api.w.org\/{rel}","templated":true}]}}