{"id":12433,"date":"2025-01-30T17:16:43","date_gmt":"2025-01-30T16:16:43","guid":{"rendered":"https:\/\/grupotecon.com\/delfos-sistemas-informaticos\/?page_id=12433"},"modified":"2026-04-09T07:44:16","modified_gmt":"2026-04-09T05:44:16","slug":"aviso-legal","status":"publish","type":"page","link":"https:\/\/grupotecon.com\/delfos-sistemas-informaticos\/aviso-legal\/","title":{"rendered":"Aviso legal"},"content":{"rendered":"\t\t<div data-elementor-type=\"wp-page\" data-elementor-id=\"12433\" class=\"elementor elementor-12433\">\n\t\t\t\t\t\t<section class=\"porto-full-no-gap elementor-section elementor-top-section elementor-element elementor-element-21c9c0e banner-seccion-header elementor-section-full_width elementor-section-height-default elementor-section-height-default\" data-id=\"21c9c0e\" data-element_type=\"section\" data-e-type=\"section\">\r\n\t\t\r\n\t\t\t\t\t\t\t<div class=\"elementor-container elementor-column-gap-no\">\r\n\t\t\t\t\t\t\t\t\t\t\t<div class=\"elementor-column elementor-col-100 elementor-top-column elementor-element elementor-element-68e632f\" data-id=\"68e632f\" data-element_type=\"column\" data-e-type=\"column\">\r\n\t\t\t\t\t<div class=\"elementor-widget-wrap elementor-element-populated\">\r\n\t\t\t\t\t\t\t\t<section class=\"elementor-section elementor-inner-section elementor-element elementor-element-a17e9dd px-gutter custom-page-header elementor-section-content-middle elementor-section-boxed elementor-section-height-default elementor-section-height-default\" data-id=\"a17e9dd\" data-element_type=\"section\" data-e-type=\"section\" data-settings=\"{&quot;background_background&quot;:&quot;classic&quot;,&quot;shape_divider_bottom&quot;:&quot;waves&quot;,&quot;shape_divider_bottom_negative&quot;:&quot;yes&quot;}\">\r\n\t\t\t\t<div class=\"elementor-shape elementor-shape-bottom\" data-negative=\"true\">\r\n\t\t\t<svg xmlns=\"http:\/\/www.w3.org\/2000\/svg\" viewBox=\"0 0 1000 100\" preserveAspectRatio=\"none\">\n\t<path class=\"elementor-shape-fill\" d=\"M790.5,93.1c-59.3-5.3-116.8-18-192.6-50c-29.6-12.7-76.9-31-100.5-35.9c-23.6-4.9-52.6-7.8-75.5-5.3\n\tc-10.2,1.1-22.6,1.4-50.1,7.4c-27.2,6.3-58.2,16.6-79.4,24.7c-41.3,15.9-94.9,21.9-134,22.6C72,58.2,0,25.8,0,25.8V100h1000V65.3\n\tc0,0-51.5,19.4-106.2,25.7C839.5,97,814.1,95.2,790.5,93.1z\"\/>\n<\/svg>\t\t<\/div>\r\n\t\t\r\n\t\t\t\t\t\t\t<div class=\"elementor-container elementor-column-gap-default\">\r\n\t\t\t\t\t\t\t\t\t\t\t<div class=\"elementor-column elementor-col-50 elementor-inner-column elementor-element elementor-element-c087da1\" data-id=\"c087da1\" data-element_type=\"column\" data-e-type=\"column\">\r\n\t\t\t\t\t<div class=\"elementor-widget-wrap elementor-element-populated\">\r\n\t\t\t\t\t\t\t\t<div class=\"elementor-element elementor-element-cf92555 elementor-widget elementor-widget-porto_info_box\" data-id=\"cf92555\" data-element_type=\"widget\" data-e-type=\"widget\" data-widget_type=\"porto_info_box.default\">\n\t\t\t\t<div class=\"elementor-widget-container\">\n\t\t\t\t\t<div class=\"porto-sicon-box style_1 default-icon\"><\/div><!-- porto-sicon-box -->\t\t\t\t<\/div>\n\t\t\t\t<\/div>\n\t\t\t\t\t<\/div>\r\n\t\t\t\t<\/div>\r\n\t\t\t\t<div class=\"elementor-column elementor-col-50 elementor-inner-column elementor-element elementor-element-1b0f4c2 elementor-hidden-mobile\" data-id=\"1b0f4c2\" data-element_type=\"column\" data-e-type=\"column\">\r\n\t\t\t\t\t<div data-plugin-float-element=\"\" data-plugin-options=\"{&quot;startPos&quot;:&quot;none&quot;,&quot;speed&quot;:&quot;8&quot;,&quot;transition&quot;:true,&quot;horizontal&quot;:false}\" class=\"elementor-widget-wrap elementor-element-populated\">\r\n\t\t\t\t\t\t\t\t<div class=\"elementor-element elementor-element-5df4331 elementor-widget elementor-widget-image\" data-id=\"5df4331\" data-element_type=\"widget\" data-e-type=\"widget\" data-widget_type=\"image.default\">\n\t\t\t\t<div class=\"elementor-widget-container\">\n\t\t\t\t\t\t\t\t\t\t\t\t\t\t\t<img decoding=\"async\" src=\"https:\/\/grupotecon.com\/delfos-sistemas-informaticos\/wp-content\/uploads\/sites\/4\/2024\/11\/logo-delfos.svg\" class=\"attachment-full size-full wp-image-3563\" alt=\"\" \/>\t\t\t\t\t\t\t\t\t\t\t\t\t\t\t<\/div>\n\t\t\t\t<\/div>\n\t\t\t\t\t<\/div>\r\n\t\t\t\t<\/div>\r\n\t\t\t\t\t<\/div>\r\n\t\t\t\t<\/section>\r\n\t\t\t\t<div class=\"elementor-element elementor-element-2192cac mb-0 elementor-widget elementor-widget-porto_page_header\" data-id=\"2192cac\" data-element_type=\"widget\" data-e-type=\"widget\" data-widget_type=\"porto_page_header.default\">\n\t\t\t\t<div class=\"elementor-widget-container\">\n\t\t\t\t\t<div class=\"page-top page-header-6\"><style>.page-top { background: none; border-bottom: none; } .page-top .page-title:not(.b-none):after { display: none; }<\/style><div class=\"container hide-title\">\r\n\t<div class=\"row\">\r\n\t\t<div class=\"col-lg-12 clearfix\">\r\n\t\t\t<div class=\"pt-right d-none\">\r\n\t\t\t\t\t\t\t\t<div class=\"page-title\"><\/div>\r\n\t\t\t\t\t\t\t<\/div>\r\n\t\t\t\t\t\t\t<div class=\"breadcrumbs-wrap pt-left\">\r\n\t\t\t\t\t<ul class=\"breadcrumb\" itemscope itemtype=\"https:\/\/schema.org\/BreadcrumbList\"><li class=\"home\" itemprop=\"itemListElement\" itemscope itemtype=\"https:\/\/schema.org\/ListItem\"><a itemprop=\"item\" href=\"https:\/\/grupotecon.com\/delfos-sistemas-informaticos\" title=\"Ir al Inicio\"><span itemprop=\"name\">Home<\/span><\/a><meta itemprop=\"position\" content=\"1\" \/><i class=\"delimiter delimiter-2\"><\/i><\/li><\/ul>\t\t\t\t<\/div>\r\n\t\t\t\t\t\t\t\t<\/div>\r\n\t<\/div>\r\n<\/div>\r\n<\/div>\t\t\t\t<\/div>\n\t\t\t\t<\/div>\n\t\t\t\t\t<\/div>\r\n\t\t\t\t<\/div>\r\n\t\t\t\t\t<\/div>\r\n\t\t\t\t<\/section>\r\n\t\t<div class=\"elementor-element elementor-element-2896bd4 e-flex e-con-boxed e-con e-parent\" data-id=\"2896bd4\" data-element_type=\"container\" data-e-type=\"container\">\r\n\t\t\t\t\t<div class=\"e-con-inner\">\r\n\t\t\t\t<div class=\"elementor-element elementor-element-6025244 elementor-widget elementor-widget-text-editor\" data-id=\"6025244\" data-element_type=\"widget\" data-e-type=\"widget\" data-widget_type=\"text-editor.default\">\n\t\t\t\t<div class=\"elementor-widget-container\">\n\t\t\t\t\t\t\t\t\t<p>De conformidad con lo establecido en el art\u00edculo 10 de la Ley 34\/2002, de 11 de julio, de Servicios de la Sociedad de la Informaci\u00f3n y de Comercio electr\u00f3nico, le informamos que el titular del Sitio Web <a href=\"https:\/\/grupotecon.com\/delfos-sistemas-informaticos\">grupotecon.com\/delfos-sistemas-informaticos<\/a> es DELFOS SISTEMAS INFORM\u00c1TICOS, S.L., con la que se puede contactar en la siguiente direcci\u00f3n:<\/p><ul><li><strong>DELFOS SISTEMAS INFORM\u00c1TICOS, S.L.<\/strong><\/li><\/ul><p style=\"padding-left: 40px\">CALLE CUENCA 5,<\/p><p style=\"padding-left: 40px\">02520 \u2013 POL\u00cdGONO INDUSTRIAL CAMPORROSO<\/p><p style=\"padding-left: 40px\">CHINCHILLA (Albacete)<\/p><ul><li><strong>Direcci\u00f3n de correo electr\u00f3nico<\/strong>: info@delfossistemas.com<\/li><li><strong>Tel\u00e9fono de contacto<\/strong>: 966 60 04 99<\/li><\/ul><p>DELFOS SISTEMAS INFORM\u00c1TICOS, S.L. es una entidad inscrita en el Registro Mercantil de Albacete cuya actividad principal es la prestaci\u00f3n de servicios inform\u00e1ticos. Su C.I.F. es B-02603587.<\/p>\t\t\t\t\t\t\t\t<\/div>\n\t\t\t\t<\/div>\n\t\t\t\t\t<\/div>\n\t\t\t\t<\/div>\n\t\t\t\t<\/div>\n\t\t","protected":false},"excerpt":{"rendered":"<p>.page-top { background: none; border-bottom: none; } .page-top .page-title:not(.b-none):after { display: none; } Home De conformidad con lo establecido en el art\u00edculo 10 de la Ley 34\/2002, de 11 de julio, de Servicios de la Sociedad de la Informaci\u00f3n y de Comercio electr\u00f3nico, le informamos que el titular del Sitio Web grupotecon.com\/delfos-sistemas-informaticos es DELFOS SISTEMAS [&hellip;]<\/p>\n","protected":false},"author":1,"featured_media":0,"parent":0,"menu_order":0,"comment_status":"closed","ping_status":"closed","template":"","meta":{"_acf_changed":false,"_joinchat":[],"footnotes":""},"class_list":["post-12433","page","type-page","status-publish","hentry"],"acf":[],"yoast_head":"<!-- This site is optimized with the Yoast SEO plugin v27.4 - https:\/\/yoast.com\/product\/yoast-seo-wordpress\/ -->\n<title>Aviso legal - Delfos Sistemas Inform\u00e1ticos<\/title>\n<meta name=\"robots\" content=\"noindex, follow\" \/>\n<meta property=\"og:locale\" content=\"es_ES\" \/>\n<meta property=\"og:type\" content=\"article\" \/>\n<meta property=\"og:title\" content=\"Aviso legal - Delfos Sistemas Inform\u00e1ticos\" \/>\n<meta property=\"og:description\" content=\".page-top { background: none; border-bottom: none; } .page-top .page-title:not(.b-none):after { display: none; } Home De conformidad con lo establecido en el art\u00edculo 10 de la Ley 34\/2002, de 11 de julio, de Servicios de la Sociedad de la Informaci\u00f3n y de Comercio electr\u00f3nico, le informamos que el titular del Sitio Web grupotecon.com\/delfos-sistemas-informaticos es DELFOS SISTEMAS [&hellip;]\" \/>\n<meta property=\"og:url\" content=\"https:\/\/grupotecon.com\/delfos-sistemas-informaticos\/aviso-legal\/\" \/>\n<meta property=\"og:site_name\" content=\"Delfos Sistemas Inform\u00e1ticos\" \/>\n<meta property=\"article:modified_time\" content=\"2026-04-09T05:44:16+00:00\" \/>\n<meta name=\"twitter:card\" content=\"summary_large_image\" \/>\n<meta name=\"twitter:label1\" content=\"Tiempo de lectura\" \/>\n\t<meta name=\"twitter:data1\" content=\"1 minuto\" \/>\n<script type=\"application\/ld+json\" class=\"yoast-schema-graph\">{\"@context\":\"https:\\\/\\\/schema.org\",\"@graph\":[{\"@type\":\"WebPage\",\"@id\":\"https:\\\/\\\/grupotecon.com\\\/delfos-sistemas-informaticos\\\/aviso-legal\\\/\",\"url\":\"https:\\\/\\\/grupotecon.com\\\/delfos-sistemas-informaticos\\\/aviso-legal\\\/\",\"name\":\"Aviso legal - Delfos Sistemas Inform\u00e1ticos\",\"isPartOf\":{\"@id\":\"https:\\\/\\\/grupotecon.com\\\/delfos-sistemas-informaticos\\\/#website\"},\"primaryImageOfPage\":{\"@id\":\"https:\\\/\\\/grupotecon.com\\\/delfos-sistemas-informaticos\\\/aviso-legal\\\/#primaryimage\"},\"image\":{\"@id\":\"https:\\\/\\\/grupotecon.com\\\/delfos-sistemas-informaticos\\\/aviso-legal\\\/#primaryimage\"},\"thumbnailUrl\":\"https:\\\/\\\/grupotecon.com\\\/delfos-sistemas-informaticos\\\/wp-content\\\/uploads\\\/sites\\\/4\\\/2024\\\/11\\\/logo-delfos.svg\",\"datePublished\":\"2025-01-30T16:16:43+00:00\",\"dateModified\":\"2026-04-09T05:44:16+00:00\",\"breadcrumb\":{\"@id\":\"https:\\\/\\\/grupotecon.com\\\/delfos-sistemas-informaticos\\\/aviso-legal\\\/#breadcrumb\"},\"inLanguage\":\"es\",\"potentialAction\":[{\"@type\":\"ReadAction\",\"target\":[\"https:\\\/\\\/grupotecon.com\\\/delfos-sistemas-informaticos\\\/aviso-legal\\\/\"]}]},{\"@type\":\"ImageObject\",\"inLanguage\":\"es\",\"@id\":\"https:\\\/\\\/grupotecon.com\\\/delfos-sistemas-informaticos\\\/aviso-legal\\\/#primaryimage\",\"url\":\"https:\\\/\\\/grupotecon.com\\\/delfos-sistemas-informaticos\\\/wp-content\\\/uploads\\\/sites\\\/4\\\/2024\\\/11\\\/logo-delfos.svg\",\"contentUrl\":\"https:\\\/\\\/grupotecon.com\\\/delfos-sistemas-informaticos\\\/wp-content\\\/uploads\\\/sites\\\/4\\\/2024\\\/11\\\/logo-delfos.svg\"},{\"@type\":\"BreadcrumbList\",\"@id\":\"https:\\\/\\\/grupotecon.com\\\/delfos-sistemas-informaticos\\\/aviso-legal\\\/#breadcrumb\",\"itemListElement\":[{\"@type\":\"ListItem\",\"position\":1,\"name\":\"Portada\",\"item\":\"https:\\\/\\\/grupotecon.com\\\/delfos-sistemas-informaticos\\\/\"},{\"@type\":\"ListItem\",\"position\":2,\"name\":\"Aviso legal\"}]},{\"@type\":\"WebSite\",\"@id\":\"https:\\\/\\\/grupotecon.com\\\/delfos-sistemas-informaticos\\\/#website\",\"url\":\"https:\\\/\\\/grupotecon.com\\\/delfos-sistemas-informaticos\\\/\",\"name\":\"Delfos Sistemas Inform\u00e1ticos\",\"description\":\"\",\"potentialAction\":[{\"@type\":\"SearchAction\",\"target\":{\"@type\":\"EntryPoint\",\"urlTemplate\":\"https:\\\/\\\/grupotecon.com\\\/delfos-sistemas-informaticos\\\/?s={search_term_string}\"},\"query-input\":{\"@type\":\"PropertyValueSpecification\",\"valueRequired\":true,\"valueName\":\"search_term_string\"}}],\"inLanguage\":\"es\"}]}<\/script>\n<!-- \/ Yoast SEO plugin. -->","yoast_head_json":{"title":"Aviso legal - Delfos Sistemas Inform\u00e1ticos","robots":{"index":"noindex","follow":"follow"},"og_locale":"es_ES","og_type":"article","og_title":"Aviso legal - Delfos Sistemas Inform\u00e1ticos","og_description":".page-top { background: none; border-bottom: none; } .page-top .page-title:not(.b-none):after { display: none; } Home De conformidad con lo establecido en el art\u00edculo 10 de la Ley 34\/2002, de 11 de julio, de Servicios de la Sociedad de la Informaci\u00f3n y de Comercio electr\u00f3nico, le informamos que el titular del Sitio Web grupotecon.com\/delfos-sistemas-informaticos es DELFOS SISTEMAS [&hellip;]","og_url":"https:\/\/grupotecon.com\/delfos-sistemas-informaticos\/aviso-legal\/","og_site_name":"Delfos Sistemas Inform\u00e1ticos","article_modified_time":"2026-04-09T05:44:16+00:00","twitter_card":"summary_large_image","twitter_misc":{"Tiempo de lectura":"1 minuto"},"schema":{"@context":"https:\/\/schema.org","@graph":[{"@type":"WebPage","@id":"https:\/\/grupotecon.com\/delfos-sistemas-informaticos\/aviso-legal\/","url":"https:\/\/grupotecon.com\/delfos-sistemas-informaticos\/aviso-legal\/","name":"Aviso legal - Delfos Sistemas Inform\u00e1ticos","isPartOf":{"@id":"https:\/\/grupotecon.com\/delfos-sistemas-informaticos\/#website"},"primaryImageOfPage":{"@id":"https:\/\/grupotecon.com\/delfos-sistemas-informaticos\/aviso-legal\/#primaryimage"},"image":{"@id":"https:\/\/grupotecon.com\/delfos-sistemas-informaticos\/aviso-legal\/#primaryimage"},"thumbnailUrl":"https:\/\/grupotecon.com\/delfos-sistemas-informaticos\/wp-content\/uploads\/sites\/4\/2024\/11\/logo-delfos.svg","datePublished":"2025-01-30T16:16:43+00:00","dateModified":"2026-04-09T05:44:16+00:00","breadcrumb":{"@id":"https:\/\/grupotecon.com\/delfos-sistemas-informaticos\/aviso-legal\/#breadcrumb"},"inLanguage":"es","potentialAction":[{"@type":"ReadAction","target":["https:\/\/grupotecon.com\/delfos-sistemas-informaticos\/aviso-legal\/"]}]},{"@type":"ImageObject","inLanguage":"es","@id":"https:\/\/grupotecon.com\/delfos-sistemas-informaticos\/aviso-legal\/#primaryimage","url":"https:\/\/grupotecon.com\/delfos-sistemas-informaticos\/wp-content\/uploads\/sites\/4\/2024\/11\/logo-delfos.svg","contentUrl":"https:\/\/grupotecon.com\/delfos-sistemas-informaticos\/wp-content\/uploads\/sites\/4\/2024\/11\/logo-delfos.svg"},{"@type":"BreadcrumbList","@id":"https:\/\/grupotecon.com\/delfos-sistemas-informaticos\/aviso-legal\/#breadcrumb","itemListElement":[{"@type":"ListItem","position":1,"name":"Portada","item":"https:\/\/grupotecon.com\/delfos-sistemas-informaticos\/"},{"@type":"ListItem","position":2,"name":"Aviso legal"}]},{"@type":"WebSite","@id":"https:\/\/grupotecon.com\/delfos-sistemas-informaticos\/#website","url":"https:\/\/grupotecon.com\/delfos-sistemas-informaticos\/","name":"Delfos Sistemas Inform\u00e1ticos","description":"","potentialAction":[{"@type":"SearchAction","target":{"@type":"EntryPoint","urlTemplate":"https:\/\/grupotecon.com\/delfos-sistemas-informaticos\/?s={search_term_string}"},"query-input":{"@type":"PropertyValueSpecification","valueRequired":true,"valueName":"search_term_string"}}],"inLanguage":"es"}]}},"_links":{"self":[{"href":"https:\/\/grupotecon.com\/delfos-sistemas-informaticos\/wp-json\/wp\/v2\/pages\/12433","targetHints":{"allow":["GET"]}}],"collection":[{"href":"https:\/\/grupotecon.com\/delfos-sistemas-informaticos\/wp-json\/wp\/v2\/pages"}],"about":[{"href":"https:\/\/grupotecon.com\/delfos-sistemas-informaticos\/wp-json\/wp\/v2\/types\/page"}],"author":[{"embeddable":true,"href":"https:\/\/grupotecon.com\/delfos-sistemas-informaticos\/wp-json\/wp\/v2\/users\/1"}],"replies":[{"embeddable":true,"href":"https:\/\/grupotecon.com\/delfos-sistemas-informaticos\/wp-json\/wp\/v2\/comments?post=12433"}],"version-history":[{"count":23,"href":"https:\/\/grupotecon.com\/delfos-sistemas-informaticos\/wp-json\/wp\/v2\/pages\/12433\/revisions"}],"predecessor-version":[{"id":13534,"href":"https:\/\/grupotecon.com\/delfos-sistemas-informaticos\/wp-json\/wp\/v2\/pages\/12433\/revisions\/13534"}],"wp:attachment":[{"href":"https:\/\/grupotecon.com\/delfos-sistemas-informaticos\/wp-json\/wp\/v2\/media?parent=12433"}],"curies":[{"name":"wp","href":"https:\/\/api.w.org\/{rel}","templated":true}]}}