{"id":32794,"date":"2025-01-30T12:36:01","date_gmt":"2025-01-30T11:36:01","guid":{"rendered":"https:\/\/grupotecon.com\/tecon-soluciones-informaticas\/?page_id=32794"},"modified":"2025-01-30T13:34:11","modified_gmt":"2025-01-30T12:34:11","slug":"aviso-legal","status":"publish","type":"page","link":"https:\/\/grupotecon.com\/tecon-soluciones-informaticas\/aviso-legal\/","title":{"rendered":"Aviso legal"},"content":{"rendered":"\t\t<div data-elementor-type=\"wp-page\" data-elementor-id=\"32794\" class=\"elementor elementor-32794\">\n\t\t\t\t\t\t<section class=\"porto-full-no-gap elementor-section elementor-top-section elementor-element elementor-element-37e18875 banner-seccion-header elementor-section-full_width elementor-section-height-default elementor-section-height-default\" data-id=\"37e18875\" data-element_type=\"section\">\r\n\t\t\r\n\t\t\t\t\t\t\t<div class=\"elementor-container elementor-column-gap-no\">\r\n\t\t\t\t\t\t\t\t\t\t\t<div class=\"elementor-column elementor-col-100 elementor-top-column elementor-element elementor-element-d40bdc4\" data-id=\"d40bdc4\" data-element_type=\"column\">\r\n\t\t\t\t\t<div class=\"elementor-widget-wrap elementor-element-populated\">\r\n\t\t\t\t\t\t\t\t<section class=\"elementor-section elementor-inner-section elementor-element elementor-element-305f17c1 px-gutter custom-page-header elementor-section-content-middle elementor-section-boxed elementor-section-height-default elementor-section-height-default\" data-id=\"305f17c1\" data-element_type=\"section\" data-settings=\"{&quot;background_background&quot;:&quot;classic&quot;,&quot;shape_divider_bottom&quot;:&quot;waves&quot;,&quot;shape_divider_bottom_negative&quot;:&quot;yes&quot;}\">\r\n\t\t\t\t<div class=\"elementor-shape elementor-shape-bottom\" data-negative=\"true\">\r\n\t\t\t<svg xmlns=\"http:\/\/www.w3.org\/2000\/svg\" viewBox=\"0 0 1000 100\" preserveAspectRatio=\"none\">\n\t<path class=\"elementor-shape-fill\" d=\"M790.5,93.1c-59.3-5.3-116.8-18-192.6-50c-29.6-12.7-76.9-31-100.5-35.9c-23.6-4.9-52.6-7.8-75.5-5.3\n\tc-10.2,1.1-22.6,1.4-50.1,7.4c-27.2,6.3-58.2,16.6-79.4,24.7c-41.3,15.9-94.9,21.9-134,22.6C72,58.2,0,25.8,0,25.8V100h1000V65.3\n\tc0,0-51.5,19.4-106.2,25.7C839.5,97,814.1,95.2,790.5,93.1z\"\/>\n<\/svg>\t\t<\/div>\r\n\t\t\r\n\t\t\t\t\t\t\t<div class=\"elementor-container elementor-column-gap-default\">\r\n\t\t\t\t\t\t\t\t\t\t\t<div class=\"elementor-column elementor-col-50 elementor-inner-column elementor-element elementor-element-4600e9f8\" data-id=\"4600e9f8\" data-element_type=\"column\">\r\n\t\t\t\t\t<div class=\"elementor-widget-wrap elementor-element-populated\">\r\n\t\t\t\t\t\t\t\t<div class=\"elementor-element elementor-element-4540ef0f elementor-widget elementor-widget-porto_info_box\" data-id=\"4540ef0f\" data-element_type=\"widget\" data-widget_type=\"porto_info_box.default\">\n\t\t\t\t<div class=\"elementor-widget-container\">\n\t\t\t\t\t<div class=\"porto-sicon-box style_1 default-icon\"><\/div><!-- porto-sicon-box -->\t\t\t\t<\/div>\n\t\t\t\t<\/div>\n\t\t\t\t\t<\/div>\r\n\t\t\t\t<\/div>\r\n\t\t\t\t<div class=\"elementor-column elementor-col-50 elementor-inner-column elementor-element elementor-element-30e0f38d elementor-hidden-mobile\" data-id=\"30e0f38d\" data-element_type=\"column\">\r\n\t\t\t\t\t<div data-plugin-float-element=\"\" data-plugin-options=\"{&quot;startPos&quot;:&quot;none&quot;,&quot;speed&quot;:&quot;8&quot;,&quot;transition&quot;:true,&quot;horizontal&quot;:false}\" class=\"elementor-widget-wrap elementor-element-populated\">\r\n\t\t\t\t\t\t\t\t<div class=\"elementor-element elementor-element-7aa28deb elementor-widget elementor-widget-image\" data-id=\"7aa28deb\" data-element_type=\"widget\" data-widget_type=\"image.default\">\n\t\t\t\t<div class=\"elementor-widget-container\">\n\t\t\t\t\t\t\t\t\t\t\t\t\t\t\t<img decoding=\"async\" src=\"https:\/\/grupotecon.com\/tecon-soluciones-informaticas\/wp-content\/uploads\/sites\/2\/2024\/11\/logo-tecon-soluciones-informaticas.svg\" class=\"attachment-full size-full wp-image-6110\" alt=\"\" \/>\t\t\t\t\t\t\t\t\t\t\t\t\t\t\t<\/div>\n\t\t\t\t<\/div>\n\t\t\t\t\t<\/div>\r\n\t\t\t\t<\/div>\r\n\t\t\t\t\t<\/div>\r\n\t\t\t\t<\/section>\r\n\t\t\t\t<div class=\"elementor-element elementor-element-d546b3f mb-0 elementor-widget elementor-widget-porto_page_header\" data-id=\"d546b3f\" data-element_type=\"widget\" data-widget_type=\"porto_page_header.default\">\n\t\t\t\t<div class=\"elementor-widget-container\">\n\t\t\t\t\t<div class=\"page-top page-header-6\"><style>.page-top { background: none; border-bottom: none; } .page-top .page-title:not(.b-none):after { display: none; }<\/style><div class=\"container hide-title\">\r\n\t<div class=\"row\">\r\n\t\t<div class=\"col-lg-12 clearfix\">\r\n\t\t\t<div class=\"pt-right d-none\">\r\n\t\t\t\t\t\t\t\t<div class=\"page-title\"><\/div>\r\n\t\t\t\t\t\t\t<\/div>\r\n\t\t\t\t\t\t\t<div class=\"breadcrumbs-wrap pt-left\">\r\n\t\t\t\t\t<ul class=\"breadcrumb\" itemscope itemtype=\"https:\/\/schema.org\/BreadcrumbList\"><li class=\"home\" itemprop=\"itemListElement\" itemscope itemtype=\"https:\/\/schema.org\/ListItem\"><a itemprop=\"item\" href=\"https:\/\/grupotecon.com\/tecon-soluciones-informaticas\" title=\"Ir al Inicio\"><span itemprop=\"name\">Home<\/span><\/a><meta itemprop=\"position\" content=\"1\" \/><i class=\"delimiter delimiter-2\"><\/i><\/li><\/ul>\t\t\t\t<\/div>\r\n\t\t\t\t\t\t\t\t<\/div>\r\n\t<\/div>\r\n<\/div>\r\n<\/div>\t\t\t\t<\/div>\n\t\t\t\t<\/div>\n\t\t\t\t\t<\/div>\r\n\t\t\t\t<\/div>\r\n\t\t\t\t\t<\/div>\r\n\t\t\t\t<\/section>\r\n\t\t<div class=\"elementor-element elementor-element-78279d5 e-flex e-con-boxed e-con e-parent\" data-id=\"78279d5\" data-element_type=\"container\">\r\n\t\t\t\t\t<div class=\"e-con-inner\">\r\n\t\t\t\t<div class=\"elementor-element elementor-element-7312db6 elementor-widget elementor-widget-text-editor\" data-id=\"7312db6\" data-element_type=\"widget\" data-widget_type=\"text-editor.default\">\n\t\t\t\t<div class=\"elementor-widget-container\">\n\t\t\t\t\t\t\t\t\t<p>Informaci\u00f3n en cumplimiento de la Ley 34\/2002, de 11 de julio<\/p><p>De conformidad con lo establecido en el art\u00edculo 10 de la Ley 34\/2002, de 11 de julio, de Servicios de la Sociedad de la Informaci\u00f3n y de Comercio electr\u00f3nico, le informamos que el titular del Sitio Web <a href=\"https:\/\/grupotecon.com\/tecon-soluciones-informaticas\">grupotecon.com\/tecon-soluciones-informaticas<\/a> es TECON SOLUCIONES INFORM\u00c1TICAS, S.L., con la que se puede contactar en la siguiente direcci\u00f3n:<\/p><ul><li><strong>TECON SOLUCIONES INFORM\u00c1TICAS, S.L.<\/strong><ul><li>C\/ Arc\u00e1ngel San Gabriel, 7<br \/>02003 \u2013 Albacete<\/li><\/ul><\/li><li><b>Direcci\u00f3n de correo electr\u00f3nico<\/b>:\u00a0flopez@tecon.es<\/li><li><strong>Tel\u00e9fono de contacto<\/strong>: 967 50 50 24<\/li><\/ul><p>TECON SOLUCIONES INFORM\u00c1TICAS, S.L. es una entidad inscrita en el Registro Mercantil de Albacete, tomo 595, Libro 359, Folio 223, Secci\u00f3n 8, Hoja AB 60, Inscripci\u00f3n I\/A 5, cuya actividad principal es la prestaci\u00f3n de servicios inform\u00e1ticos. Su C.I.F. es B02118875.<\/p>\t\t\t\t\t\t\t\t<\/div>\n\t\t\t\t<\/div>\n\t\t\t\t\t<\/div>\n\t\t\t\t<\/div>\n\t\t\t\t<\/div>\n\t\t","protected":false},"excerpt":{"rendered":"<p>Home Informaci\u00f3n en cumplimiento de la Ley 34\/2002, de 11 de julio De conformidad con lo establecido en el art\u00edculo 10 de la Ley 34\/2002, de 11 de julio, de Servicios de la Sociedad de la Informaci\u00f3n y de Comercio electr\u00f3nico, le informamos que el titular del Sitio Web grupotecon.com\/tecon-soluciones-informaticas es TECON SOLUCIONES INFORM\u00c1TICAS, S.L., [&hellip;]<\/p>\n","protected":false},"author":1,"featured_media":0,"parent":0,"menu_order":0,"comment_status":"closed","ping_status":"closed","template":"","meta":{"_acf_changed":false,"_joinchat":[],"footnotes":""},"class_list":["post-32794","page","type-page","status-publish","hentry"],"acf":[],"yoast_head":"<!-- This site is optimized with the Yoast SEO plugin v26.8 - https:\/\/yoast.com\/product\/yoast-seo-wordpress\/ -->\n<title>Aviso legal - Tecon Soluciones Inform\u00e1ticas<\/title>\n<meta name=\"robots\" content=\"index, follow, max-snippet:-1, max-image-preview:large, max-video-preview:-1\" \/>\n<link rel=\"canonical\" href=\"https:\/\/grupotecon.com\/tecon-soluciones-informaticas\/aviso-legal\/\" \/>\n<meta property=\"og:locale\" content=\"es_ES\" \/>\n<meta property=\"og:type\" content=\"article\" \/>\n<meta property=\"og:title\" content=\"Aviso legal - Tecon Soluciones Inform\u00e1ticas\" \/>\n<meta property=\"og:description\" content=\"Home Informaci\u00f3n en cumplimiento de la Ley 34\/2002, de 11 de julio De conformidad con lo establecido en el art\u00edculo 10 de la Ley 34\/2002, de 11 de julio, de Servicios de la Sociedad de la Informaci\u00f3n y de Comercio electr\u00f3nico, le informamos que el titular del Sitio Web grupotecon.com\/tecon-soluciones-informaticas es TECON SOLUCIONES INFORM\u00c1TICAS, S.L., [&hellip;]\" \/>\n<meta property=\"og:url\" content=\"https:\/\/grupotecon.com\/tecon-soluciones-informaticas\/aviso-legal\/\" \/>\n<meta property=\"og:site_name\" content=\"Tecon Soluciones Inform\u00e1ticas\" \/>\n<meta property=\"article:modified_time\" content=\"2025-01-30T12:34:11+00:00\" \/>\n<meta name=\"twitter:card\" content=\"summary_large_image\" \/>\n<meta name=\"twitter:label1\" content=\"Tiempo de lectura\" \/>\n\t<meta name=\"twitter:data1\" content=\"1 minuto\" \/>\n<script type=\"application\/ld+json\" class=\"yoast-schema-graph\">{\"@context\":\"https:\/\/schema.org\",\"@graph\":[{\"@type\":\"WebPage\",\"@id\":\"https:\/\/grupotecon.com\/tecon-soluciones-informaticas\/aviso-legal\/\",\"url\":\"https:\/\/grupotecon.com\/tecon-soluciones-informaticas\/aviso-legal\/\",\"name\":\"Aviso legal - Tecon Soluciones Inform\u00e1ticas\",\"isPartOf\":{\"@id\":\"https:\/\/grupotecon.com\/tecon-soluciones-informaticas\/#website\"},\"primaryImageOfPage\":{\"@id\":\"https:\/\/grupotecon.com\/tecon-soluciones-informaticas\/aviso-legal\/#primaryimage\"},\"image\":{\"@id\":\"https:\/\/grupotecon.com\/tecon-soluciones-informaticas\/aviso-legal\/#primaryimage\"},\"thumbnailUrl\":\"https:\/\/grupotecon.com\/tecon-soluciones-informaticas\/wp-content\/uploads\/sites\/2\/2024\/11\/logo-tecon-soluciones-informaticas.svg\",\"datePublished\":\"2025-01-30T11:36:01+00:00\",\"dateModified\":\"2025-01-30T12:34:11+00:00\",\"breadcrumb\":{\"@id\":\"https:\/\/grupotecon.com\/tecon-soluciones-informaticas\/aviso-legal\/#breadcrumb\"},\"inLanguage\":\"es\",\"potentialAction\":[{\"@type\":\"ReadAction\",\"target\":[\"https:\/\/grupotecon.com\/tecon-soluciones-informaticas\/aviso-legal\/\"]}]},{\"@type\":\"ImageObject\",\"inLanguage\":\"es\",\"@id\":\"https:\/\/grupotecon.com\/tecon-soluciones-informaticas\/aviso-legal\/#primaryimage\",\"url\":\"https:\/\/grupotecon.com\/tecon-soluciones-informaticas\/wp-content\/uploads\/sites\/2\/2024\/11\/logo-tecon-soluciones-informaticas.svg\",\"contentUrl\":\"https:\/\/grupotecon.com\/tecon-soluciones-informaticas\/wp-content\/uploads\/sites\/2\/2024\/11\/logo-tecon-soluciones-informaticas.svg\"},{\"@type\":\"BreadcrumbList\",\"@id\":\"https:\/\/grupotecon.com\/tecon-soluciones-informaticas\/aviso-legal\/#breadcrumb\",\"itemListElement\":[{\"@type\":\"ListItem\",\"position\":1,\"name\":\"Portada\",\"item\":\"https:\/\/grupotecon.com\/tecon-soluciones-informaticas\/\"},{\"@type\":\"ListItem\",\"position\":2,\"name\":\"Aviso legal\"}]},{\"@type\":\"WebSite\",\"@id\":\"https:\/\/grupotecon.com\/tecon-soluciones-informaticas\/#website\",\"url\":\"https:\/\/grupotecon.com\/tecon-soluciones-informaticas\/\",\"name\":\"Tecon Soluciones Inform\u00e1ticas\",\"description\":\"\",\"publisher\":{\"@id\":\"https:\/\/grupotecon.com\/tecon-soluciones-informaticas\/#organization\"},\"potentialAction\":[{\"@type\":\"SearchAction\",\"target\":{\"@type\":\"EntryPoint\",\"urlTemplate\":\"https:\/\/grupotecon.com\/tecon-soluciones-informaticas\/?s={search_term_string}\"},\"query-input\":{\"@type\":\"PropertyValueSpecification\",\"valueRequired\":true,\"valueName\":\"search_term_string\"}}],\"inLanguage\":\"es\"},{\"@type\":\"Organization\",\"@id\":\"https:\/\/grupotecon.com\/tecon-soluciones-informaticas\/#organization\",\"name\":\"Tecon Soluciones Inform\u00e1ticas\",\"url\":\"https:\/\/grupotecon.com\/tecon-soluciones-informaticas\/\",\"logo\":{\"@type\":\"ImageObject\",\"inLanguage\":\"es\",\"@id\":\"https:\/\/grupotecon.com\/tecon-soluciones-informaticas\/#\/schema\/logo\/image\/\",\"url\":\"https:\/\/grupotecon.com\/tecon-soluciones-informaticas\/wp-content\/uploads\/sites\/2\/2024\/11\/logo-tecon-soluciones-informaticas.svg\",\"contentUrl\":\"https:\/\/grupotecon.com\/tecon-soluciones-informaticas\/wp-content\/uploads\/sites\/2\/2024\/11\/logo-tecon-soluciones-informaticas.svg\",\"width\":1,\"height\":1,\"caption\":\"Tecon Soluciones Inform\u00e1ticas\"},\"image\":{\"@id\":\"https:\/\/grupotecon.com\/tecon-soluciones-informaticas\/#\/schema\/logo\/image\/\"}}]}<\/script>\n<!-- \/ Yoast SEO plugin. -->","yoast_head_json":{"title":"Aviso legal - Tecon Soluciones Inform\u00e1ticas","robots":{"index":"index","follow":"follow","max-snippet":"max-snippet:-1","max-image-preview":"max-image-preview:large","max-video-preview":"max-video-preview:-1"},"canonical":"https:\/\/grupotecon.com\/tecon-soluciones-informaticas\/aviso-legal\/","og_locale":"es_ES","og_type":"article","og_title":"Aviso legal - Tecon Soluciones Inform\u00e1ticas","og_description":"Home Informaci\u00f3n en cumplimiento de la Ley 34\/2002, de 11 de julio De conformidad con lo establecido en el art\u00edculo 10 de la Ley 34\/2002, de 11 de julio, de Servicios de la Sociedad de la Informaci\u00f3n y de Comercio electr\u00f3nico, le informamos que el titular del Sitio Web grupotecon.com\/tecon-soluciones-informaticas es TECON SOLUCIONES INFORM\u00c1TICAS, S.L., [&hellip;]","og_url":"https:\/\/grupotecon.com\/tecon-soluciones-informaticas\/aviso-legal\/","og_site_name":"Tecon Soluciones Inform\u00e1ticas","article_modified_time":"2025-01-30T12:34:11+00:00","twitter_card":"summary_large_image","twitter_misc":{"Tiempo de lectura":"1 minuto"},"schema":{"@context":"https:\/\/schema.org","@graph":[{"@type":"WebPage","@id":"https:\/\/grupotecon.com\/tecon-soluciones-informaticas\/aviso-legal\/","url":"https:\/\/grupotecon.com\/tecon-soluciones-informaticas\/aviso-legal\/","name":"Aviso legal - Tecon Soluciones Inform\u00e1ticas","isPartOf":{"@id":"https:\/\/grupotecon.com\/tecon-soluciones-informaticas\/#website"},"primaryImageOfPage":{"@id":"https:\/\/grupotecon.com\/tecon-soluciones-informaticas\/aviso-legal\/#primaryimage"},"image":{"@id":"https:\/\/grupotecon.com\/tecon-soluciones-informaticas\/aviso-legal\/#primaryimage"},"thumbnailUrl":"https:\/\/grupotecon.com\/tecon-soluciones-informaticas\/wp-content\/uploads\/sites\/2\/2024\/11\/logo-tecon-soluciones-informaticas.svg","datePublished":"2025-01-30T11:36:01+00:00","dateModified":"2025-01-30T12:34:11+00:00","breadcrumb":{"@id":"https:\/\/grupotecon.com\/tecon-soluciones-informaticas\/aviso-legal\/#breadcrumb"},"inLanguage":"es","potentialAction":[{"@type":"ReadAction","target":["https:\/\/grupotecon.com\/tecon-soluciones-informaticas\/aviso-legal\/"]}]},{"@type":"ImageObject","inLanguage":"es","@id":"https:\/\/grupotecon.com\/tecon-soluciones-informaticas\/aviso-legal\/#primaryimage","url":"https:\/\/grupotecon.com\/tecon-soluciones-informaticas\/wp-content\/uploads\/sites\/2\/2024\/11\/logo-tecon-soluciones-informaticas.svg","contentUrl":"https:\/\/grupotecon.com\/tecon-soluciones-informaticas\/wp-content\/uploads\/sites\/2\/2024\/11\/logo-tecon-soluciones-informaticas.svg"},{"@type":"BreadcrumbList","@id":"https:\/\/grupotecon.com\/tecon-soluciones-informaticas\/aviso-legal\/#breadcrumb","itemListElement":[{"@type":"ListItem","position":1,"name":"Portada","item":"https:\/\/grupotecon.com\/tecon-soluciones-informaticas\/"},{"@type":"ListItem","position":2,"name":"Aviso legal"}]},{"@type":"WebSite","@id":"https:\/\/grupotecon.com\/tecon-soluciones-informaticas\/#website","url":"https:\/\/grupotecon.com\/tecon-soluciones-informaticas\/","name":"Tecon Soluciones Inform\u00e1ticas","description":"","publisher":{"@id":"https:\/\/grupotecon.com\/tecon-soluciones-informaticas\/#organization"},"potentialAction":[{"@type":"SearchAction","target":{"@type":"EntryPoint","urlTemplate":"https:\/\/grupotecon.com\/tecon-soluciones-informaticas\/?s={search_term_string}"},"query-input":{"@type":"PropertyValueSpecification","valueRequired":true,"valueName":"search_term_string"}}],"inLanguage":"es"},{"@type":"Organization","@id":"https:\/\/grupotecon.com\/tecon-soluciones-informaticas\/#organization","name":"Tecon Soluciones Inform\u00e1ticas","url":"https:\/\/grupotecon.com\/tecon-soluciones-informaticas\/","logo":{"@type":"ImageObject","inLanguage":"es","@id":"https:\/\/grupotecon.com\/tecon-soluciones-informaticas\/#\/schema\/logo\/image\/","url":"https:\/\/grupotecon.com\/tecon-soluciones-informaticas\/wp-content\/uploads\/sites\/2\/2024\/11\/logo-tecon-soluciones-informaticas.svg","contentUrl":"https:\/\/grupotecon.com\/tecon-soluciones-informaticas\/wp-content\/uploads\/sites\/2\/2024\/11\/logo-tecon-soluciones-informaticas.svg","width":1,"height":1,"caption":"Tecon Soluciones Inform\u00e1ticas"},"image":{"@id":"https:\/\/grupotecon.com\/tecon-soluciones-informaticas\/#\/schema\/logo\/image\/"}}]}},"_links":{"self":[{"href":"https:\/\/grupotecon.com\/tecon-soluciones-informaticas\/wp-json\/wp\/v2\/pages\/32794","targetHints":{"allow":["GET"]}}],"collection":[{"href":"https:\/\/grupotecon.com\/tecon-soluciones-informaticas\/wp-json\/wp\/v2\/pages"}],"about":[{"href":"https:\/\/grupotecon.com\/tecon-soluciones-informaticas\/wp-json\/wp\/v2\/types\/page"}],"author":[{"embeddable":true,"href":"https:\/\/grupotecon.com\/tecon-soluciones-informaticas\/wp-json\/wp\/v2\/users\/1"}],"replies":[{"embeddable":true,"href":"https:\/\/grupotecon.com\/tecon-soluciones-informaticas\/wp-json\/wp\/v2\/comments?post=32794"}],"version-history":[{"count":17,"href":"https:\/\/grupotecon.com\/tecon-soluciones-informaticas\/wp-json\/wp\/v2\/pages\/32794\/revisions"}],"predecessor-version":[{"id":32842,"href":"https:\/\/grupotecon.com\/tecon-soluciones-informaticas\/wp-json\/wp\/v2\/pages\/32794\/revisions\/32842"}],"wp:attachment":[{"href":"https:\/\/grupotecon.com\/tecon-soluciones-informaticas\/wp-json\/wp\/v2\/media?parent=32794"}],"curies":[{"name":"wp","href":"https:\/\/api.w.org\/{rel}","templated":true}]}}